{"id":8,"date":"2018-12-25T18:32:39","date_gmt":"2018-12-25T18:32:39","guid":{"rendered":"https:\/\/ioanazelko.com\/?page_id=8"},"modified":"2023-10-29T12:01:34","modified_gmt":"2023-10-29T12:01:34","slug":"olympiad","status":"publish","type":"page","link":"https:\/\/ioanazelko.com\/ro\/olympiad\/","title":{"rendered":"Olimpiada"},"content":{"rendered":"<p>Sunt membru al consiliului de administra\u021bie, lider de echip\u0103 de voluntari \u0219i antrenor pentru Organiza\u021bia\/Olimpiad\u0103 de Astronomie \u0219i Astrofizic\u0103 din Statele Unite (USAAAO).<br>V\u0103 rug\u0103m s\u0103 verifica\u021bi site-ul nostru la <a href=\"https:\/\/usaaao.org\/\">https:\/\/usaaao.org\/<\/a> <\/p>\n\n\n\n<p>Pentru a afla cum s\u0103 studia\u021bi pentru Olimpiada Interna\u021bional\u0103 de Astronomie \u0219i Astrofizic\u0103, v\u0103 rug\u0103m s\u0103 parcurge\u021bi resursele disponibile aici: <a href=\"https:\/\/usaaao.org\/resources\/\">https:\/\/usaaao.org\/resources\/<\/a> <\/p>\n\n\n\n<p>\u00cen 2020, am f\u0103cut parte din Comitetul Academic de 10 membri care a ajutat la organizarea versiunii online a IOAA, numit\u0103 Globel e-Competition on Astronomy and Astrophysics. Am publicat un reportaj despre acest eveniment \u00een<a href=\"https:\/\/pubs.aip.org\/aapt\/ajp\/article-lookup\/doi\/10.1119\/5.0121242\" data-type=\"link\" data-id=\"https:\/\/pubs.aip.org\/aapt\/ajp\/article-lookup\/doi\/10.1119\/5.0121242\"> Jurnalul American de Fizic\u0103<\/a>, disponibil ca pdf <a href=\"https:\/\/ioanazelko.com\/wp-content\/uploads\/2023\/10\/gecaa_published_version.pdf\">Aici<\/a>, iar pe arXiv la <a href=\"https:\/\/arxiv.org\/abs\/2111.12095\">https:\/\/arxiv.org\/abs\/2111.12095<\/a><\/p>\n\n\n\n<p><meta http-equiv=\"content-type\" content=\"text\/html; charset=utf-8\">\u00cen perioada petrecut\u0103 \u00een liceu \u00een Rom\u00e2nia, am participat la multe competi\u021bii interna\u021bionale de \u0219tiin\u021b\u0103, precum IPhO, IOA, IJSO \u0219i, cel mai important, dou\u0103 edi\u021bii ale Olimpiadei Interna\u021bionale de Astronomie \u0219i Astrofizic\u0103. Olimpiadele au \u00eensemnat mult pentru mine, la nivel personal \u0219i profesional. Mi-au oferit \u0219ansa de a urma o preg\u0103tire riguroas\u0103 \u00een \u0219tiin\u021b\u0103 \u0219i de a intra \u00een leg\u0103tur\u0103 cu mul\u021bi colegi cu interese similare. \u00cen cele din urm\u0103, au ajuns s\u0103-mi informeze alegerea carierei.<br>G\u0103sesc pasiune \u00een predare \u0219i \u00eenv\u0103\u021bare \u0219i apreciez \u0219ansa de a le face pe am\u00e2ndou\u0103 al\u0103turi de echipa na\u021bional\u0103 a olimpiadelor de astronomie \u0219i astrofizic\u0103 a SUA, ca antrenor \u0219i lider de echip\u0103. Organizarea selec\u021biei \u0219i preg\u0103tirea echipei este un proces greu, dar plin de satisfac\u021bii.<\/p>\n\n\n\n<p>Cel mai important, sunt foarte recunosc\u0103tor c\u0103 am \u00eent\u00e2lnit studen\u021bi \u0219i colegi minuna\u021bi prin acest proces, la USAAAO \u0219i la Consiliul Interna\u021bional al IOAA.<br><\/p>\n\n\n\n<p><\/p>\n\n\n\n<div class=\"wp-block-group is-layout-flow wp-block-group-is-layout-flow\"><div class=\"wp-block-group__inner-container\">\n<h2 class=\"wp-block-heading\" id=\"pictures-from-ioaa-s\">Imagini de la IOAA(i)<\/h2>\n\n\n\n<p><meta http-equiv=\"content-type\" content=\"text\/html; charset=utf-8\">Cel mai important, sunt foarte recunosc\u0103tor c\u0103 am \u00eent\u00e2lnit studen\u021bi \u0219i colegi minuna\u021bi prin acest proces, la USAAAO \u0219i la Consiliul Interna\u021bional al IOAA.<\/p>\n\n\n\n<div class=\"wp-block-columns is-layout-flex wp-container-core-columns-is-layout-28f84493 wp-block-columns-is-layout-flex\">\n<div class=\"wp-block-column is-layout-flow wp-block-column-is-layout-flow\">\n<figure class=\"wp-block-image aligncenter size-large\"><img fetchpriority=\"high\" decoding=\"async\" width=\"1024\" height=\"768\" src=\"https:\/\/ioanazelko.com\/wp-content\/uploads\/2022\/02\/IMG_20190803_095552_tiny-1024x768.jpg\" alt=\"\" class=\"wp-image-703\" srcset=\"https:\/\/ioanazelko.com\/wp-content\/uploads\/2022\/02\/IMG_20190803_095552_tiny-1024x768.jpg 1024w, https:\/\/ioanazelko.com\/wp-content\/uploads\/2022\/02\/IMG_20190803_095552_tiny-300x225.jpg 300w, https:\/\/ioanazelko.com\/wp-content\/uploads\/2022\/02\/IMG_20190803_095552_tiny-768x576.jpg 768w, https:\/\/ioanazelko.com\/wp-content\/uploads\/2022\/02\/IMG_20190803_095552_tiny-1536x1152.jpg 1536w, https:\/\/ioanazelko.com\/wp-content\/uploads\/2022\/02\/IMG_20190803_095552_tiny-2048x1536.jpg 2048w\" sizes=\"(max-width: 1024px) 100vw, 1024px\" \/><\/figure>\n<\/div>\n\n\n\n<div class=\"wp-block-column is-layout-flow wp-block-column-is-layout-flow\">\n<div class=\"wp-block-group is-layout-flow wp-block-group-is-layout-flow\"><div class=\"wp-block-group__inner-container\">\n<figure class=\"wp-block-gallery has-nested-images columns-2 wp-block-gallery-1 is-layout-flex wp-block-gallery-is-layout-flex\">\n<figure class=\"wp-block-image size-full\"><img decoding=\"async\" width=\"1024\" height=\"1024\" data-id=\"693\" src=\"https:\/\/ioanazelko.com\/wp-content\/uploads\/2022\/02\/48189766_10156832719634085_5854983710935351296_o-3-1024x1024.jpg\" alt=\"\" class=\"wp-image-693\" srcset=\"https:\/\/ioanazelko.com\/wp-content\/uploads\/2022\/02\/48189766_10156832719634085_5854983710935351296_o-3-1024x1024.jpg 1024w, https:\/\/ioanazelko.com\/wp-content\/uploads\/2022\/02\/48189766_10156832719634085_5854983710935351296_o-3-300x300.jpg 300w, https:\/\/ioanazelko.com\/wp-content\/uploads\/2022\/02\/48189766_10156832719634085_5854983710935351296_o-3-150x150.jpg 150w, https:\/\/ioanazelko.com\/wp-content\/uploads\/2022\/02\/48189766_10156832719634085_5854983710935351296_o-3-768x768.jpg 768w, https:\/\/ioanazelko.com\/wp-content\/uploads\/2022\/02\/48189766_10156832719634085_5854983710935351296_o-3-1536x1536.jpg 1536w, https:\/\/ioanazelko.com\/wp-content\/uploads\/2022\/02\/48189766_10156832719634085_5854983710935351296_o-3.jpg 1642w\" sizes=\"(max-width: 1024px) 100vw, 1024px\" \/><\/figure>\n\n\n\n<figure class=\"wp-block-image size-full\"><img decoding=\"async\" width=\"768\" height=\"1024\" data-id=\"697\" src=\"https:\/\/ioanazelko.com\/wp-content\/uploads\/2022\/02\/IMG_20171120_120245-2-768x1024.jpg\" alt=\"\" class=\"wp-image-697\" srcset=\"https:\/\/ioanazelko.com\/wp-content\/uploads\/2022\/02\/IMG_20171120_120245-2-768x1024.jpg 768w, https:\/\/ioanazelko.com\/wp-content\/uploads\/2022\/02\/IMG_20171120_120245-2-225x300.jpg 225w, https:\/\/ioanazelko.com\/wp-content\/uploads\/2022\/02\/IMG_20171120_120245-2-1152x1536.jpg 1152w, https:\/\/ioanazelko.com\/wp-content\/uploads\/2022\/02\/IMG_20171120_120245-2.jpg 1536w\" sizes=\"(max-width: 768px) 100vw, 768px\" \/><\/figure>\n\n\n\n<figure class=\"wp-block-image size-full\"><img loading=\"lazy\" decoding=\"async\" width=\"1024\" height=\"768\" data-id=\"694\" src=\"https:\/\/ioanazelko.com\/wp-content\/uploads\/2022\/02\/IMG_20190803_135116-2-1024x768.jpg\" alt=\"\" class=\"wp-image-694\" srcset=\"https:\/\/ioanazelko.com\/wp-content\/uploads\/2022\/02\/IMG_20190803_135116-2-1024x768.jpg 1024w, https:\/\/ioanazelko.com\/wp-content\/uploads\/2022\/02\/IMG_20190803_135116-2-300x225.jpg 300w, https:\/\/ioanazelko.com\/wp-content\/uploads\/2022\/02\/IMG_20190803_135116-2-768x576.jpg 768w, https:\/\/ioanazelko.com\/wp-content\/uploads\/2022\/02\/IMG_20190803_135116-2-1536x1152.jpg 1536w, https:\/\/ioanazelko.com\/wp-content\/uploads\/2022\/02\/IMG_20190803_135116-2-2048x1536.jpg 2048w\" sizes=\"(max-width: 1024px) 100vw, 1024px\" \/><\/figure>\n\n\n\n<figure class=\"wp-block-image size-full\"><img loading=\"lazy\" decoding=\"async\" width=\"1024\" height=\"768\" data-id=\"701\" src=\"https:\/\/ioanazelko.com\/wp-content\/uploads\/2022\/02\/IMG_20190809_230838_tiny-1024x768.jpg\" alt=\"\" class=\"wp-image-701\" srcset=\"https:\/\/ioanazelko.com\/wp-content\/uploads\/2022\/02\/IMG_20190809_230838_tiny-1024x768.jpg 1024w, https:\/\/ioanazelko.com\/wp-content\/uploads\/2022\/02\/IMG_20190809_230838_tiny-300x225.jpg 300w, https:\/\/ioanazelko.com\/wp-content\/uploads\/2022\/02\/IMG_20190809_230838_tiny-768x576.jpg 768w, https:\/\/ioanazelko.com\/wp-content\/uploads\/2022\/02\/IMG_20190809_230838_tiny-1536x1152.jpg 1536w, https:\/\/ioanazelko.com\/wp-content\/uploads\/2022\/02\/IMG_20190809_230838_tiny-2048x1536.jpg 2048w\" sizes=\"(max-width: 1024px) 100vw, 1024px\" \/><\/figure>\n<\/figure>\n<\/div><\/div>\n<\/div>\n<\/div>\n<\/div><\/div>","protected":false},"excerpt":{"rendered":"<p>I am a board member, volunteer team leader and coach for the United States Astronomy and Astrophysics Organisation\/Olympiad (USAAAO).Please check our website at https:\/\/usaaao.org\/ To learn how to study for the International Olympiad of Astronomy and Astrophysics, please go through the resources available here: https:\/\/usaaao.org\/resources\/ In 2020, I was part of the 10-member Academic Committee [&hellip;]<\/p>\n","protected":false},"author":1,"featured_media":0,"parent":0,"menu_order":0,"comment_status":"closed","ping_status":"closed","template":"","meta":{"site-sidebar-layout":"default","site-content-layout":"","ast-site-content-layout":"default","site-content-style":"default","site-sidebar-style":"default","ast-global-header-display":"","ast-banner-title-visibility":"","ast-main-header-display":"","ast-hfb-above-header-display":"","ast-hfb-below-header-display":"","ast-hfb-mobile-header-display":"","site-post-title":"","ast-breadcrumbs-content":"","ast-featured-img":"","footer-sml-layout":"","ast-disable-related-posts":"","theme-transparent-header-meta":"","adv-header-id-meta":"","stick-header-meta":"","header-above-stick-meta":"","header-main-stick-meta":"","header-below-stick-meta":"","astra-migrate-meta-layouts":"default","ast-page-background-enabled":"default","ast-page-background-meta":{"desktop":{"background-color":"","background-image":"","background-repeat":"repeat","background-position":"center center","background-size":"auto","background-attachment":"scroll","background-type":"","background-media":"","overlay-type":"","overlay-color":"","overlay-opacity":"","overlay-gradient":""},"tablet":{"background-color":"","background-image":"","background-repeat":"repeat","background-position":"center center","background-size":"auto","background-attachment":"scroll","background-type":"","background-media":"","overlay-type":"","overlay-color":"","overlay-opacity":"","overlay-gradient":""},"mobile":{"background-color":"","background-image":"","background-repeat":"repeat","background-position":"center center","background-size":"auto","background-attachment":"scroll","background-type":"","background-media":"","overlay-type":"","overlay-color":"","overlay-opacity":"","overlay-gradient":""}},"ast-content-background-meta":{"desktop":{"background-color":"var(--ast-global-color-5)","background-image":"","background-repeat":"repeat","background-position":"center center","background-size":"auto","background-attachment":"scroll","background-type":"","background-media":"","overlay-type":"","overlay-color":"","overlay-opacity":"","overlay-gradient":""},"tablet":{"background-color":"var(--ast-global-color-5)","background-image":"","background-repeat":"repeat","background-position":"center center","background-size":"auto","background-attachment":"scroll","background-type":"","background-media":"","overlay-type":"","overlay-color":"","overlay-opacity":"","overlay-gradient":""},"mobile":{"background-color":"var(--ast-global-color-5)","background-image":"","background-repeat":"repeat","background-position":"center center","background-size":"auto","background-attachment":"scroll","background-type":"","background-media":"","overlay-type":"","overlay-color":"","overlay-opacity":"","overlay-gradient":""}},"footnotes":""},"class_list":["post-8","page","type-page","status-publish","hentry"],"_links":{"self":[{"href":"https:\/\/ioanazelko.com\/ro\/wp-json\/wp\/v2\/pages\/8","targetHints":{"allow":["GET"]}}],"collection":[{"href":"https:\/\/ioanazelko.com\/ro\/wp-json\/wp\/v2\/pages"}],"about":[{"href":"https:\/\/ioanazelko.com\/ro\/wp-json\/wp\/v2\/types\/page"}],"author":[{"embeddable":true,"href":"https:\/\/ioanazelko.com\/ro\/wp-json\/wp\/v2\/users\/1"}],"replies":[{"embeddable":true,"href":"https:\/\/ioanazelko.com\/ro\/wp-json\/wp\/v2\/comments?post=8"}],"version-history":[{"count":20,"href":"https:\/\/ioanazelko.com\/ro\/wp-json\/wp\/v2\/pages\/8\/revisions"}],"predecessor-version":[{"id":928,"href":"https:\/\/ioanazelko.com\/ro\/wp-json\/wp\/v2\/pages\/8\/revisions\/928"}],"wp:attachment":[{"href":"https:\/\/ioanazelko.com\/ro\/wp-json\/wp\/v2\/media?parent=8"}],"curies":[{"name":"wp","href":"https:\/\/api.w.org\/{rel}","templated":true}]}}