{"id":36,"date":"2018-12-26T03:59:15","date_gmt":"2018-12-26T03:59:15","guid":{"rendered":"https:\/\/ioanazelko.com\/?page_id=36"},"modified":"2021-12-23T10:36:40","modified_gmt":"2021-12-23T10:36:40","slug":"books","status":"publish","type":"page","link":"https:\/\/ioanazelko.com\/ro\/books\/","title":{"rendered":"Hobby-uri"},"content":{"rendered":"<p>Sunt foarte interesat de rela\u021biile interna\u021bionale \u0219i de istoria global\u0103. Recomand\u0103rile de c\u0103r\u021bi sunt \u00eentotdeauna apreciate!<\/p>\n\n\n\n<p>Din punct de vedere sportiv, sunt un <g class=\"gr_ gr_4 gr-alert gr_gramm gr_inline_cards gr_run_anim Grammar only-ins doubleReplace replaceWithoutSep\" id=\"4\" data-gr-id=\"4\">ventilator<\/g> de drume\u021bii, schi \u0219i, mai nou, snowboarding. De asemenea, sunt \u00eentotdeauna preg\u0103tit pentru un meci de tenis\/squash.<\/p>\n\n\n\n<div class=\"wp-block-group is-layout-flow wp-block-group-is-layout-flow\"><div class=\"wp-block-group__inner-container\">\n<figure class=\"wp-block-image size-large is-style-rounded\"><img fetchpriority=\"high\" decoding=\"async\" width=\"1024\" height=\"768\" src=\"https:\/\/ioanazelko.com\/wp-content\/uploads\/2021\/12\/IMG_20180107_090422-1024x768.jpg\" alt=\"\" class=\"wp-image-108\" srcset=\"https:\/\/ioanazelko.com\/wp-content\/uploads\/2021\/12\/IMG_20180107_090422-1024x768.jpg 1024w, https:\/\/ioanazelko.com\/wp-content\/uploads\/2021\/12\/IMG_20180107_090422-300x225.jpg 300w, https:\/\/ioanazelko.com\/wp-content\/uploads\/2021\/12\/IMG_20180107_090422-768x576.jpg 768w, https:\/\/ioanazelko.com\/wp-content\/uploads\/2021\/12\/IMG_20180107_090422-1536x1152.jpg 1536w, https:\/\/ioanazelko.com\/wp-content\/uploads\/2021\/12\/IMG_20180107_090422.jpg 2048w\" sizes=\"(max-width: 1024px) 100vw, 1024px\" \/><figcaption>Platoul Busteni (Podisul Busteni)<\/figcaption><\/figure>\n<\/div><\/div>","protected":false},"excerpt":{"rendered":"<p>I am really interested in international relations and global history. Book recommendations are always appreciated! Sportswise, I am a fan of hiking, skiing and more recently, snowboarding. I am also always ready for a tennis\/squash match.<\/p>","protected":false},"author":1,"featured_media":0,"parent":0,"menu_order":0,"comment_status":"closed","ping_status":"closed","template":"","meta":{"site-sidebar-layout":"default","site-content-layout":"","ast-site-content-layout":"default","site-content-style":"default","site-sidebar-style":"default","ast-global-header-display":"","ast-banner-title-visibility":"","ast-main-header-display":"","ast-hfb-above-header-display":"","ast-hfb-below-header-display":"","ast-hfb-mobile-header-display":"","site-post-title":"","ast-breadcrumbs-content":"","ast-featured-img":"","footer-sml-layout":"","ast-disable-related-posts":"","theme-transparent-header-meta":"","adv-header-id-meta":"","stick-header-meta":"","header-above-stick-meta":"","header-main-stick-meta":"","header-below-stick-meta":"","astra-migrate-meta-layouts":"default","ast-page-background-enabled":"default","ast-page-background-meta":{"desktop":{"background-color":"","background-image":"","background-repeat":"repeat","background-position":"center center","background-size":"auto","background-attachment":"scroll","background-type":"","background-media":"","overlay-type":"","overlay-color":"","overlay-opacity":"","overlay-gradient":""},"tablet":{"background-color":"","background-image":"","background-repeat":"repeat","background-position":"center center","background-size":"auto","background-attachment":"scroll","background-type":"","background-media":"","overlay-type":"","overlay-color":"","overlay-opacity":"","overlay-gradient":""},"mobile":{"background-color":"","background-image":"","background-repeat":"repeat","background-position":"center center","background-size":"auto","background-attachment":"scroll","background-type":"","background-media":"","overlay-type":"","overlay-color":"","overlay-opacity":"","overlay-gradient":""}},"ast-content-background-meta":{"desktop":{"background-color":"var(--ast-global-color-5)","background-image":"","background-repeat":"repeat","background-position":"center center","background-size":"auto","background-attachment":"scroll","background-type":"","background-media":"","overlay-type":"","overlay-color":"","overlay-opacity":"","overlay-gradient":""},"tablet":{"background-color":"var(--ast-global-color-5)","background-image":"","background-repeat":"repeat","background-position":"center center","background-size":"auto","background-attachment":"scroll","background-type":"","background-media":"","overlay-type":"","overlay-color":"","overlay-opacity":"","overlay-gradient":""},"mobile":{"background-color":"var(--ast-global-color-5)","background-image":"","background-repeat":"repeat","background-position":"center center","background-size":"auto","background-attachment":"scroll","background-type":"","background-media":"","overlay-type":"","overlay-color":"","overlay-opacity":"","overlay-gradient":""}},"footnotes":""},"class_list":["post-36","page","type-page","status-publish","hentry"],"_links":{"self":[{"href":"https:\/\/ioanazelko.com\/ro\/wp-json\/wp\/v2\/pages\/36","targetHints":{"allow":["GET"]}}],"collection":[{"href":"https:\/\/ioanazelko.com\/ro\/wp-json\/wp\/v2\/pages"}],"about":[{"href":"https:\/\/ioanazelko.com\/ro\/wp-json\/wp\/v2\/types\/page"}],"author":[{"embeddable":true,"href":"https:\/\/ioanazelko.com\/ro\/wp-json\/wp\/v2\/users\/1"}],"replies":[{"embeddable":true,"href":"https:\/\/ioanazelko.com\/ro\/wp-json\/wp\/v2\/comments?post=36"}],"version-history":[{"count":6,"href":"https:\/\/ioanazelko.com\/ro\/wp-json\/wp\/v2\/pages\/36\/revisions"}],"predecessor-version":[{"id":122,"href":"https:\/\/ioanazelko.com\/ro\/wp-json\/wp\/v2\/pages\/36\/revisions\/122"}],"wp:attachment":[{"href":"https:\/\/ioanazelko.com\/ro\/wp-json\/wp\/v2\/media?parent=36"}],"curies":[{"name":"wp","href":"https:\/\/api.w.org\/{rel}","templated":true}]}}