{"id":33,"date":"2018-12-25T19:49:52","date_gmt":"2018-12-25T19:49:52","guid":{"rendered":"https:\/\/ioanazelko.com\/?page_id=33"},"modified":"2022-02-01T21:44:14","modified_gmt":"2022-02-01T21:44:14","slug":"projects","status":"publish","type":"page","link":"https:\/\/ioanazelko.com\/ro\/projects\/","title":{"rendered":"Ascunz\u0103toarea Fizicii"},"content":{"rendered":"<p>\u00cempreun\u0103 cu trei prieteni, Aashish Tripathee, Bishwa Silwal <g class=\"gr_ gr_113 gr-alert gr_gramm gr_inline_cards gr_run_anim Punctuation only-ins replaceWithoutSep\" id=\"113\" data-gr-id=\"113\">\u0219i<\/g> Vijay Chaudhary, am \u00eenceput proiectul Physics Den (<a href=\"https:\/\/www.physicsden.org\/\">https:\/\/www.physicsden.org\/<\/a>). Site-ul web g\u0103zduie\u0219te probleme de fizic\u0103 legate de cercet\u0103rile publicate, \u00een \u00eencercarea de a reduce decalajul dintre materialul de clas\u0103 \u0219i cercetare. V\u0103 a\u0219tept\u0103m cu bun venit trimiterea problemelor \u0219i sper\u0103m s\u0103 v\u0103 distra\u021bi rezolv\u00e2nd problemele de fizic\u0103 deja existente! <\/p>\n\n\n\n<p>Vizita\u021bi-ne la https:\/\/www.physicsden.org\/.<\/p>","protected":false},"excerpt":{"rendered":"<p>Together with three friends, Aashish Tripathee, Bishwa Silwal and Vijay Chaudhary, I started the project Physics Den (https:\/\/www.physicsden.org\/). The website hosts physics problems related to published research, in an attempt to bridge the gap between class material and research. We welcome you problem submissions and hope you have fun solving the physics problems already there! [&hellip;]<\/p>\n","protected":false},"author":1,"featured_media":0,"parent":0,"menu_order":0,"comment_status":"closed","ping_status":"closed","template":"","meta":{"site-sidebar-layout":"default","site-content-layout":"","ast-site-content-layout":"default","site-content-style":"default","site-sidebar-style":"default","ast-global-header-display":"","ast-banner-title-visibility":"","ast-main-header-display":"","ast-hfb-above-header-display":"","ast-hfb-below-header-display":"","ast-hfb-mobile-header-display":"","site-post-title":"","ast-breadcrumbs-content":"","ast-featured-img":"","footer-sml-layout":"","ast-disable-related-posts":"","theme-transparent-header-meta":"","adv-header-id-meta":"","stick-header-meta":"","header-above-stick-meta":"","header-main-stick-meta":"","header-below-stick-meta":"","astra-migrate-meta-layouts":"default","ast-page-background-enabled":"default","ast-page-background-meta":{"desktop":{"background-color":"","background-image":"","background-repeat":"repeat","background-position":"center center","background-size":"auto","background-attachment":"scroll","background-type":"","background-media":"","overlay-type":"","overlay-color":"","overlay-opacity":"","overlay-gradient":""},"tablet":{"background-color":"","background-image":"","background-repeat":"repeat","background-position":"center center","background-size":"auto","background-attachment":"scroll","background-type":"","background-media":"","overlay-type":"","overlay-color":"","overlay-opacity":"","overlay-gradient":""},"mobile":{"background-color":"","background-image":"","background-repeat":"repeat","background-position":"center center","background-size":"auto","background-attachment":"scroll","background-type":"","background-media":"","overlay-type":"","overlay-color":"","overlay-opacity":"","overlay-gradient":""}},"ast-content-background-meta":{"desktop":{"background-color":"var(--ast-global-color-5)","background-image":"","background-repeat":"repeat","background-position":"center center","background-size":"auto","background-attachment":"scroll","background-type":"","background-media":"","overlay-type":"","overlay-color":"","overlay-opacity":"","overlay-gradient":""},"tablet":{"background-color":"var(--ast-global-color-5)","background-image":"","background-repeat":"repeat","background-position":"center center","background-size":"auto","background-attachment":"scroll","background-type":"","background-media":"","overlay-type":"","overlay-color":"","overlay-opacity":"","overlay-gradient":""},"mobile":{"background-color":"var(--ast-global-color-5)","background-image":"","background-repeat":"repeat","background-position":"center center","background-size":"auto","background-attachment":"scroll","background-type":"","background-media":"","overlay-type":"","overlay-color":"","overlay-opacity":"","overlay-gradient":""}},"footnotes":""},"class_list":["post-33","page","type-page","status-publish","hentry"],"_links":{"self":[{"href":"https:\/\/ioanazelko.com\/ro\/wp-json\/wp\/v2\/pages\/33","targetHints":{"allow":["GET"]}}],"collection":[{"href":"https:\/\/ioanazelko.com\/ro\/wp-json\/wp\/v2\/pages"}],"about":[{"href":"https:\/\/ioanazelko.com\/ro\/wp-json\/wp\/v2\/types\/page"}],"author":[{"embeddable":true,"href":"https:\/\/ioanazelko.com\/ro\/wp-json\/wp\/v2\/users\/1"}],"replies":[{"embeddable":true,"href":"https:\/\/ioanazelko.com\/ro\/wp-json\/wp\/v2\/comments?post=33"}],"version-history":[{"count":6,"href":"https:\/\/ioanazelko.com\/ro\/wp-json\/wp\/v2\/pages\/33\/revisions"}],"predecessor-version":[{"id":705,"href":"https:\/\/ioanazelko.com\/ro\/wp-json\/wp\/v2\/pages\/33\/revisions\/705"}],"wp:attachment":[{"href":"https:\/\/ioanazelko.com\/ro\/wp-json\/wp\/v2\/media?parent=33"}],"curies":[{"name":"wp","href":"https:\/\/api.w.org\/{rel}","templated":true}]}}